{"id":5873,"date":"2024-09-02T18:45:19","date_gmt":"2024-09-02T18:45:19","guid":{"rendered":"https:\/\/mindthepositive.com\/?page_id=5873"},"modified":"2024-10-22T08:47:12","modified_gmt":"2024-10-22T08:47:12","slug":"hizmetler","status":"publish","type":"page","link":"https:\/\/mindthepositive.com\/tr\/hizmetler\/","title":{"rendered":"Hizmetler"},"content":{"rendered":"\n<style type=\"text\/css\" data-created_by=\"avia_inline_auto\" id=\"style-css-av-gszx0t-684a88f5b7b12f796d8a0812569b3aa4\">\n.avia-section.av-gszx0t-684a88f5b7b12f796d8a0812569b3aa4{\nbackground-repeat:no-repeat;\nbackground-image:url(https:\/\/mindthepositive.com\/wp-content\/uploads\/2017\/07\/1.jpg);\nbackground-position:50% 100%;\nbackground-attachment:scroll;\n}\n.avia-section.av-gszx0t-684a88f5b7b12f796d8a0812569b3aa4 .av-section-color-overlay{\nopacity:0.6;\nbackground-color:#000000;\n}\n<\/style>\n<div id='av_section_1'  class='avia-section av-gszx0t-684a88f5b7b12f796d8a0812569b3aa4 main_color avia-section-huge avia-no-shadow  avia-builder-el-0  el_before_av_layout_row  avia-builder-el-first  avia-full-stretch avia-bg-style-scroll av-section-color-overlay-active container_wrap sidebar_right'  data-section-bg-repeat='stretch'><div class=\"av-section-color-overlay-wrap\"><div class=\"av-section-color-overlay\"><\/div><div class='container av-section-cont-open' ><main  role=\"main\" itemprop=\"mainContentOfPage\"  class='template-page content  av-content-small alpha units'><div class='post-entry post-entry-type-page post-entry-5873'><div class='entry-content-wrapper clearfix'>\n\n<style type=\"text\/css\" data-created_by=\"avia_inline_auto\" id=\"style-css-av-1mex3x-11505c5f0a8f33d8d2e10a27a137fec5\">\n#top .av-special-heading.av-1mex3x-11505c5f0a8f33d8d2e10a27a137fec5{\npadding-bottom:18px;\ncolor:#ffffff;\nfont-size:28px;\n}\nbody .av-special-heading.av-1mex3x-11505c5f0a8f33d8d2e10a27a137fec5 .av-special-heading-tag .heading-char{\nfont-size:25px;\n}\n#top #wrap_all .av-special-heading.av-1mex3x-11505c5f0a8f33d8d2e10a27a137fec5 .av-special-heading-tag{\nfont-size:28px;\n}\n.av-special-heading.av-1mex3x-11505c5f0a8f33d8d2e10a27a137fec5 .special-heading-inner-border{\nborder-color:#ffffff;\n}\n.av-special-heading.av-1mex3x-11505c5f0a8f33d8d2e10a27a137fec5 .av-subheading{\nfont-size:17px;\n}\n\n@media only screen and (min-width: 480px) and (max-width: 767px){ \n#top #wrap_all .av-special-heading.av-1mex3x-11505c5f0a8f33d8d2e10a27a137fec5 .av-special-heading-tag{\nfont-size:0.8em;\n}\n}\n\n@media only screen and (max-width: 479px){ \n#top #wrap_all .av-special-heading.av-1mex3x-11505c5f0a8f33d8d2e10a27a137fec5 .av-special-heading-tag{\nfont-size:0.8em;\n}\n}\n<\/style>\n<div  class='av-special-heading av-1mex3x-11505c5f0a8f33d8d2e10a27a137fec5 av-special-heading-h6 custom-color-heading blockquote modern-quote modern-centered  avia-builder-el-1  el_before_av_heading  avia-builder-el-first  av-inherit-size'><h6 class='av-special-heading-tag'  itemprop=\"headline\"  ><span class='special_amp'>\u201c<\/span>Pozitif Fark\u0131ndal\u0131k<span class='special_amp'>\u201d<\/span> Hizmetleri<\/h6><div class='av_custom_color av-subheading av-subheading_below'><p>\u201cPozitif Fark\u0131ndal\u0131k\u201d, teori ve uygulamaya dayal\u0131 \u00f6\u011frenmeyi merkeze alan ve ki\u015fiye \u00f6zel ki\u015fiselle\u015ftirilmi\u015f bir deneyim ile d\u00f6n\u00fc\u015ft\u00fcr\u00fcc\u00fc bir yolculuk sunan hizmetlerdir. Pozitif Fark\u0131ndal\u0131k hizmetleri mentorluk, ko\u00e7luk ve dan\u0131\u015fmanl\u0131\u011f\u0131n kar\u0131\u015f\u0131m\u0131 olan \u201cCo-Journeying*\u201d (Birlikte Yolculuk) ile E\u011fitim ve At\u00f6lye \u00c7al\u0131\u015fmalar\u0131 ve De\u011ferlendirme ve Dan\u0131\u015fmanl\u0131ktan olu\u015fmakta.<\/p>\n<p>*Co-Journeying (Birlikte Yolculuk), ger\u00e7ek bir mevcudiyet, kar\u015f\u0131l\u0131kl\u0131 \u00f6\u011frenme ve ortak b\u00fcy\u00fcme ile karakterize edilen, ya\u015fam yolculu\u011funda bir yolcuyu desteklemeye ve onunla birlikte y\u00fcr\u00fcmeye y\u00f6nelik bir yakla\u015f\u0131md\u0131r. Birlikte yolculuk s\u00fcreci, bir uzman veya otorite rol\u00fcn\u00fc \u00fcstlenmek yerine, derinlemesine dinleyen, birlikte \u00f6\u011frenen ve otantik destek sunan bir yol arkada\u015f\u0131 olmay\u0131 vurgular. Bu Birlikte Yolculuk yakla\u015f\u0131m\u0131n\u0131 benimseyen Mind the Positive Hizmetleri, bak\u0131\u015f a\u00e7\u0131lar\u0131n\u0131 yeniden \u015fekillendirmek, \u00f6z fark\u0131ndal\u0131\u011f\u0131 art\u0131rmak ve ki\u015fisel ve profesyonel sonu\u00e7lar\u0131 optimize etmek i\u00e7in bire bir veya gruplara kolayla\u015ft\u0131r\u0131c\u0131 rehberlikten yararlan\u0131r.<\/p>\n<p>De\u011ferlerinin merkezinde yer alan Birlikte Yolculuk ve E\u011fitim ve At\u00f6lye \u00c7al\u0131\u015fmas\u0131 hizmetleri, bireylerin olumlu bir zihniyet geli\u015ftirme ve belirli, hedef odakl\u0131 sonu\u00e7lara ula\u015fma yolculuklar\u0131n\u0131 kolayla\u015ft\u0131rmak i\u00e7in tasarlanm\u0131\u015ft\u0131r. Pozitif Psikoloji, Duygusal ve Sosyal Zeka, N\u00f6robilim ve Fark\u0131ndal\u0131\u011f\u0131n bilimsel temellerinden yararlan\u0131larak haz\u0131rlanan \u00f6zel oturumlar, ki\u015fisel geli\u015fim i\u00e7in sa\u011flam bir \u00e7er\u00e7eve sunmaktad\u0131r.<\/p>\n<p>Mind the Positive Hizmetleri, bireylere (yolculara) temel Geli\u015fim Alanlar\u0131 ve Birlikte Yolculuk yakla\u015f\u0131m\u0131n\u0131n temel \u0130li\u015fkisel Y\u00f6nleri dahilinde son teknoloji \u00fcr\u00fcn\u00fc bir \u00f6\u011frenme, uygulama ve kendini geli\u015ftirme deneyimi sunar:<\/p>\n<p>\u0130li\u015fkisel Y\u00f6nler<br \/>\n1. Yatay \u0130li\u015fki<br \/>\n2. Derinlemesine Dinleme<br \/>\n3. Birlikte Y\u00fcr\u00fcmek<br \/>\n4. Ortak \u00d6\u011frenme<br \/>\n5. K\u00fclt\u00fcrel Al\u00e7akg\u00f6n\u00fcll\u00fcl\u00fck<\/p>\n<p>Geli\u015fim Alanlar\u0131<br \/>\n1. Dikkat ve Fark\u0131ndal\u0131k<br \/>\n2. Pozitif Fark\u0131ndal\u0131k<br \/>\n3. \u00d6z-Y\u00f6netim ve \u00d6z-Liderlik<br \/>\n4. Sosyal Beceriler ve Liderlik<\/p>\n<p>\u201cE\u015f Yolcu\u201d, fark\u0131ndal\u0131k, duygusal ve sosyal beceriler, \u00f6z fark\u0131ndal\u0131k ve \u00f6z d\u00fczenleme, empati gibi \u00f6z liderlik uygulamalar\u0131n\u0131 g\u00fcnl\u00fck rutinlere entegre etmek i\u00e7in \u2018yolcu\u2019 ile yak\u0131n bir \u015fekilde \u00e7al\u0131\u015f\u0131r ve s\u00fcrd\u00fcr\u00fclebilir ki\u015fisel geli\u015fim i\u00e7in bir \u00e7apa g\u00f6revi g\u00f6r\u00fcr. Bu bireyselle\u015ftirilmi\u015f yakla\u015f\u0131m, her bireyin bu kavramlar\u0131 derinlemesine ke\u015ffedebilmesini ve kendi benzersiz ya\u015fam ko\u015fullar\u0131na uygulayabilmesini sa\u011flar.<\/p>\n<p>Kurumsal m\u00fc\u015fteriler, \u00f6zellikle de \u0130nsan Kaynaklar\u0131 alan\u0131nda \u00e7al\u0131\u015fanlar i\u00e7in bu hizmetler, liderlik geli\u015fimini ve \u00e7al\u0131\u015fan b\u00fcy\u00fcmesini te\u015fvik ederek kurumsal ihtiya\u00e7lar\u0131 kar\u015f\u0131layacak \u015fekilde \u00f6zelle\u015ftirilebilir. Deneyimi geli\u015ftirmek i\u00e7in a\u015fa\u011f\u0131daki hizmetler sunulmaktad\u0131r:<\/p>\n<p>&#8211; Grup halinde \u00f6\u011frenmeye ve ortak deneyimlere olanak tan\u0131yan hedefe y\u00f6nelik at\u00f6lye \u00e7al\u0131\u015fmalar\u0131<br \/>\n\u2022\u2060 \u2060Assessment and consultancy services to identify specific growth areas<br \/>\n\u2022\u2060 \u2060Experiential learning opportunities and practical tools for ongoing development<\/p>\n<p>Emphasizing Co-Journeying and Training &amp; Workshops, \u201cMind the Positive Services\u201d offers a powerful, science-based approach to achieving optimum outcomes in both personal and professional spheres.<\/p>\n<p><a href=\"https:\/\/mindthepositive.com\/contact\"><strong>Contact<\/strong><\/a> for detailed information.<\/p>\n<\/div><div class=\"special-heading-border\"><div class=\"special-heading-inner-border\"><\/div><\/div><\/div>\n\n<style type=\"text\/css\" data-created_by=\"avia_inline_auto\" id=\"style-css-av-e8rnp9-38673193e832af75256cccfa460b4239\">\n#top .av-special-heading.av-e8rnp9-38673193e832af75256cccfa460b4239{\npadding-bottom:10px;\ncolor:#ffffff;\nfont-size:30px;\n}\nbody .av-special-heading.av-e8rnp9-38673193e832af75256cccfa460b4239 .av-special-heading-tag .heading-char{\nfont-size:25px;\n}\n#top #wrap_all .av-special-heading.av-e8rnp9-38673193e832af75256cccfa460b4239 .av-special-heading-tag{\nfont-size:30px;\n}\n.av-special-heading.av-e8rnp9-38673193e832af75256cccfa460b4239 .special-heading-inner-border{\nborder-color:#ffffff;\n}\n.av-special-heading.av-e8rnp9-38673193e832af75256cccfa460b4239 .av-subheading{\nfont-size:15px;\n}\n\n@media only screen and (min-width: 480px) and (max-width: 767px){ \n#top #wrap_all .av-special-heading.av-e8rnp9-38673193e832af75256cccfa460b4239 .av-special-heading-tag{\nfont-size:0.8em;\n}\n}\n\n@media only screen and (max-width: 479px){ \n#top #wrap_all .av-special-heading.av-e8rnp9-38673193e832af75256cccfa460b4239 .av-special-heading-tag{\nfont-size:0.8em;\n}\n}\n<\/style>\n<div  class='av-special-heading av-e8rnp9-38673193e832af75256cccfa460b4239 av-special-heading-h3 custom-color-heading blockquote modern-quote modern-centered  avia-builder-el-2  el_after_av_heading  avia-builder-el-last  av-desktop-hide av-medium-hide av-small-hide av-mini-hide av-thin-font av-inherit-size'><h3 class='av-special-heading-tag'  itemprop=\"headline\"  >Detayl\u0131 bilgi i\u00e7in <a href=\"https:\/\/mindthepositive.com\/contact\/\"><strong>t\u0131klay\u0131n.<\/strong><\/a><\/h3><div class=\"special-heading-border\"><div class=\"special-heading-inner-border\"><\/div><\/div><\/div>\n<\/div><\/div><\/main><!-- close content main element --><\/div><\/div><\/div><div id='av-layout-grid-1'  class='av-layout-grid-container av-bzluil-5ecb71fa57f8b5566a1c9a40c3bc26d1 entry-content-wrapper main_color av-flex-cells  avia-builder-el-3  el_after_av_section  avia-builder-el-last  grid-row-not-first  container_wrap sidebar_right'  >\n\n<style type=\"text\/css\" data-created_by=\"avia_inline_auto\" id=\"style-css-av-a39a9p-ef0e70168eadaa09c3c3993fee6b985c\">\n.flex_cell.av-a39a9p-ef0e70168eadaa09c3c3993fee6b985c{\nvertical-align:middle;\nbackground-color:#fef08a;\n}\n.responsive #top #wrap_all .flex_cell.av-a39a9p-ef0e70168eadaa09c3c3993fee6b985c{\npadding:50px 50px 50px 50px !important;\n}\n<\/style>\n<div class='flex_cell av-a39a9p-ef0e70168eadaa09c3c3993fee6b985c av-gridrow-cell av_one_third no_margin  avia-builder-el-4  el_before_av_cell_one_third  avia-builder-el-first '  ><div class='flex_cell_inner'><div  class='avia-button-wrap av-1ufucd-af6987e98225f692a427bfd39f9bfb67-wrap avia-button-center  avia-builder-el-5  avia-builder-el-no-sibling '><a href='https:\/\/mindthepositive.com\/tr\/birlikteyolculuk\/'  class='avia-button av-1ufucd-af6987e98225f692a427bfd39f9bfb67 avia-icon_select-no avia-size-large avia-position-center avia-color-theme-color-subtle'  ><span class='avia_iconbox_title' >Birlikte Yolculuk<\/span><\/a><\/div>\n<\/div><\/div>\n<style type=\"text\/css\" data-created_by=\"avia_inline_auto\" id=\"style-css-av-84urzh-e5cabafd5467d3ea98c8065b9833f079\">\n.flex_cell.av-84urzh-e5cabafd5467d3ea98c8065b9833f079{\nvertical-align:middle;\nbackground-color:#86efac;\n}\n.responsive #top #wrap_all .flex_cell.av-84urzh-e5cabafd5467d3ea98c8065b9833f079{\npadding:50px 50px 50px 50px !important;\n}\n<\/style>\n<div class='flex_cell av-84urzh-e5cabafd5467d3ea98c8065b9833f079 av-gridrow-cell av_one_third no_margin  avia-builder-el-6  el_after_av_cell_one_third  el_before_av_cell_one_third '  ><div class='flex_cell_inner'><div  class='avia-button-wrap av-8wl5cd-52ad7273737880c1a01df711da6212e4-wrap avia-button-center  avia-builder-el-7  avia-builder-el-no-sibling '><a href='https:\/\/mindthepositive.com\/tr\/egitim-atolyeler\/'  class='avia-button av-8wl5cd-52ad7273737880c1a01df711da6212e4 avia-icon_select-no avia-size-large avia-position-center avia-color-theme-color-subtle'  ><span class='avia_iconbox_title' >E\u011fitim &amp; At\u00f6lyeler<\/span><\/a><\/div>\n<\/div><\/div>\n<style type=\"text\/css\" data-created_by=\"avia_inline_auto\" id=\"style-css-av-4qap3x-2c1edb1157fe32ffd09d1c2098b31238\">\n.flex_cell.av-4qap3x-2c1edb1157fe32ffd09d1c2098b31238{\nvertical-align:middle;\nbackground-color:#7dd3fc;\n}\n.responsive #top #wrap_all .flex_cell.av-4qap3x-2c1edb1157fe32ffd09d1c2098b31238{\npadding:50px 50px 50px 50px !important;\n}\n<\/style>\n<div class='flex_cell av-4qap3x-2c1edb1157fe32ffd09d1c2098b31238 av-gridrow-cell av_one_third no_margin  avia-builder-el-8  el_after_av_cell_one_third  avia-builder-el-last '  ><div class='flex_cell_inner'><div  class='avia-button-wrap av-lmjn1-82bdbd173a1b968ac605362bc943945e-wrap avia-button-center  avia-builder-el-9  avia-builder-el-no-sibling '><a href='https:\/\/mindthepositive.com\/tr\/olcumleme-danismanlik\/'  class='avia-button av-lmjn1-82bdbd173a1b968ac605362bc943945e avia-icon_select-no avia-size-large avia-position-center avia-color-theme-color-subtle'  ><span class='avia_iconbox_title' >\u00d6l\u00e7\u00fcmleme &amp; Dan\u0131\u015fmanl\u0131k<\/span><\/a><\/div>\n<\/div><\/div>\n<\/div><\/p>\n","protected":false},"excerpt":{"rendered":"","protected":false},"author":1,"featured_media":0,"parent":0,"menu_order":0,"comment_status":"closed","ping_status":"open","template":"","meta":{"footnotes":""},"class_list":["post-5873","page","type-page","status-publish","hentry"],"_links":{"self":[{"href":"https:\/\/mindthepositive.com\/tr\/wp-json\/wp\/v2\/pages\/5873","targetHints":{"allow":["GET"]}}],"collection":[{"href":"https:\/\/mindthepositive.com\/tr\/wp-json\/wp\/v2\/pages"}],"about":[{"href":"https:\/\/mindthepositive.com\/tr\/wp-json\/wp\/v2\/types\/page"}],"author":[{"embeddable":true,"href":"https:\/\/mindthepositive.com\/tr\/wp-json\/wp\/v2\/users\/1"}],"replies":[{"embeddable":true,"href":"https:\/\/mindthepositive.com\/tr\/wp-json\/wp\/v2\/comments?post=5873"}],"version-history":[{"count":17,"href":"https:\/\/mindthepositive.com\/tr\/wp-json\/wp\/v2\/pages\/5873\/revisions"}],"predecessor-version":[{"id":6255,"href":"https:\/\/mindthepositive.com\/tr\/wp-json\/wp\/v2\/pages\/5873\/revisions\/6255"}],"wp:attachment":[{"href":"https:\/\/mindthepositive.com\/tr\/wp-json\/wp\/v2\/media?parent=5873"}],"curies":[{"name":"wp","href":"https:\/\/api.w.org\/{rel}","templated":true}]}}