{"id":4337,"date":"2017-02-09T15:04:01","date_gmt":"2017-02-09T15:04:01","guid":{"rendered":"https:\/\/mindthepositive.com\/research\/"},"modified":"2018-07-07T20:47:56","modified_gmt":"2018-07-07T20:47:56","slug":"bilimsel-arastirma","status":"publish","type":"page","link":"https:\/\/mindthepositive.com\/tr\/bilimsel-arastirma\/","title":{"rendered":"Bilimsel Ara\u015ft\u0131rmalar"},"content":{"rendered":"\n<style type=\"text\/css\" data-created_by=\"avia_inline_auto\" id=\"style-css-av-av_section-4ab25c56230bd6920e2b3d344684b182\">\n.avia-section.av-av_section-4ab25c56230bd6920e2b3d344684b182{\nbackground-repeat:no-repeat;\nbackground-image:url(https:\/\/mindthepositive.com\/wp-content\/uploads\/2017\/02\/academic-research.jpg);\nbackground-position:50% 0%;\nbackground-attachment:scroll;\n}\n.avia-section.av-av_section-4ab25c56230bd6920e2b3d344684b182 .av-section-color-overlay{\nopacity:0.6;\nbackground-color:#000000;\n}\n<\/style>\n<div id='av_section_1'  class='avia-section av-av_section-4ab25c56230bd6920e2b3d344684b182 main_color avia-section-huge avia-no-shadow  avia-builder-el-0  el_before_av_masonry_entries  avia-builder-el-first  avia-full-stretch avia-bg-style-scroll av-section-color-overlay-active container_wrap sidebar_right'  data-section-bg-repeat='stretch'><div class=\"av-section-color-overlay-wrap\"><div class=\"av-section-color-overlay\"><\/div><div class='container av-section-cont-open' ><main  role=\"main\" itemprop=\"mainContentOfPage\"  class='template-page content  av-content-small alpha units'><div class='post-entry post-entry-type-page post-entry-4337'><div class='entry-content-wrapper clearfix'>\n\n<style type=\"text\/css\" data-created_by=\"avia_inline_auto\" id=\"style-css-av-av_heading-1ca5e795436429bd8af42814d7684645\">\n#top .av-special-heading.av-av_heading-1ca5e795436429bd8af42814d7684645{\npadding-bottom:0;\ncolor:#ffffff;\nfont-size:40px;\n}\nbody .av-special-heading.av-av_heading-1ca5e795436429bd8af42814d7684645 .av-special-heading-tag .heading-char{\nfont-size:25px;\n}\n#top #wrap_all .av-special-heading.av-av_heading-1ca5e795436429bd8af42814d7684645 .av-special-heading-tag{\nfont-size:40px;\n}\n.av-special-heading.av-av_heading-1ca5e795436429bd8af42814d7684645 .special-heading-inner-border{\nborder-color:#ffffff;\n}\n.av-special-heading.av-av_heading-1ca5e795436429bd8af42814d7684645 .av-subheading{\nfont-size:15px;\n}\n\n@media only screen and (min-width: 480px) and (max-width: 767px){ \n#top #wrap_all .av-special-heading.av-av_heading-1ca5e795436429bd8af42814d7684645 .av-special-heading-tag{\nfont-size:0.8em;\n}\n}\n\n@media only screen and (max-width: 479px){ \n#top #wrap_all .av-special-heading.av-av_heading-1ca5e795436429bd8af42814d7684645 .av-special-heading-tag{\nfont-size:0.8em;\n}\n}\n<\/style>\n<div  class='av-special-heading av-av_heading-1ca5e795436429bd8af42814d7684645 av-special-heading-h1 custom-color-heading blockquote modern-quote modern-centered  avia-builder-el-1  avia-builder-el-no-sibling  av-inherit-size'><h1 class='av-special-heading-tag'  itemprop=\"headline\"  >Bilimsel Ara\u015ft\u0131rmalar<\/h1><div class=\"special-heading-border\"><div class=\"special-heading-inner-border\"><\/div><\/div><\/div>\n<div id='av-masonry-1' class='av-masonry av-av_masonry_entries-1b185165ee935f877ec7e48fed1f597e noHover av-fixed-size av-large-gap av-hover-overlay-active av-masonry-animation-active av-masonry-col-4 av-caption-always av-caption-style-overlay av-masonry-entries ' data-post_id=\"4337\"><div class=\"av-masonry-container isotope av-js-disabled\"><div class='av-masonry-entry isotope-item av-masonry-item-no-image all_sort yazilar_sort  bilimsel-arastirmalar_sort '><\/div><a href=\"https:\/\/mindthepositive.com\/tr\/mindfulness-in-talent-management-talent-management-focused-mindfulness-or-mindfulness-focused-talent-management\/\"  id='av-masonry-1-item-4456' data-av-masonry-item='4456' class='av-masonry-entry isotope-item post-4456 post type-post status-publish format-standard has-post-thumbnail hentry category-yazilar tag-employee-well-being-tr tag-employee-wholeness-tr tag-hr-management-tr tag-istanbul-bilgi-university-tr tag-mindfulness-at-work-tr tag-mindfulness-meditation-practices-tr tag-organisational-behavior-tr tag-organisational-psychology-tr tag-outstanding-leadership-tr tag-talent-management-tr tag-work-performance-tr all_sort yazilar_sort  av-masonry-item-with-image av-grid-img' title=\"SEB at Conference\"   itemscope=\"itemscope\" itemtype=\"https:\/\/schema.org\/CreativeWork\" ><div class='av-inner-masonry-sizer'><\/div><figure class='av-inner-masonry main_color'><div class=\"av-masonry-outerimage-container\"><div class='av-masonry-image-container' style=\"background-image: url(https:\/\/mindthepositive.com\/wp-content\/uploads\/2018\/05\/SEB-at-Conference-705x470.jpg);\"  title=\"SEB at Conference\"  ><\/div><\/div><figcaption class='av-inner-masonry-content site-background'><div class='av-inner-masonry-content-pos'><div class='av-inner-masonry-content-pos-content'><div class='avia-arrow'><\/div><h3 class='av-masonry-entry-title entry-title '  itemprop=\"headline\" >Yetenek Y\u00f6netiminde Mindfulness: Yetenek Y\u00f6netimi Odakl\u0131 Mindfulness m\u0131; Mindfulness Odakl\u0131 Yetenek Y\u00f6netimi mi?<\/h3><span class='av-masonry-date meta-color updated'>May\u0131s 4, 2018<\/span><span class=\"av-masonry-text-sep text-sep-author\">\/<\/span><span class='av-masonry-author meta-color author'><span class='fn'>taraf\u0131ndan MTPadmin<\/span><\/span><\/div><\/div><\/figcaption><\/figure><\/a><!--end av-masonry entry--><a href=\"https:\/\/mindthepositive.com\/tr\/yeni-bir-calisan-mutlulugu-esenligi-modeli-calisan-butunlugu\/\"  id='av-masonry-1-item-6024' data-av-masonry-item='6024' class='av-masonry-entry isotope-item post-6024 post type-post status-publish format-standard hentry category-bilimsel-arastirmalar tag-calisan-mutlulugu-2 tag-calisan-mutlulugu tag-cok-boyutlu-yapi-2 tag-cok-boyutlu-yapi tag-kavram-gelistirme-2 tag-kavram-gelistirme tag-performans-2 tag-performans all_sort bilimsel-arastirmalar_sort  bilimsel-arastirmalar_sort  av-masonry-item-no-image' title=\"Yeni Bir \u00c7al\u0131\u015fan Mutlulu\u011fu\/Esenli\u011fi Modeli: \u00c7al\u0131\u015fan B\u00fct\u00fcnl\u00fc\u011f\u00fc\"   itemscope=\"itemscope\" itemtype=\"https:\/\/schema.org\/CreativeWork\" ><div class='av-inner-masonry-sizer'><\/div><figure class='av-inner-masonry main_color'><figcaption class='av-inner-masonry-content site-background'><div class='av-inner-masonry-content-pos'><div class='av-inner-masonry-content-pos-content'><div class='avia-arrow'><\/div><h3 class='av-masonry-entry-title entry-title '  itemprop=\"headline\" >Yeni Bir \u00c7al\u0131\u015fan Mutlulu\u011fu\/Esenli\u011fi Modeli: \u00c7al\u0131\u015fan B\u00fct\u00fcnl\u00fc\u011f\u00fc<\/h3><span class='av-masonry-date meta-color updated'>Haziran 12, 2017<\/span><span class=\"av-masonry-text-sep text-sep-author\">\/<\/span><span class='av-masonry-author meta-color author'><span class='fn'>taraf\u0131ndan MTPadmin<\/span><\/span><\/div><\/div><\/figcaption><\/figure><\/a><!--end av-masonry entry--><\/div><div class='av-masonry-pagination av-masonry-pagination-pagination'><nav class='pagination'><span class='pagination-meta'>Page 1 of 0<\/span><\/nav>\n<\/div><\/div><\/p>\n","protected":false},"excerpt":{"rendered":"","protected":false},"author":1,"featured_media":0,"parent":0,"menu_order":0,"comment_status":"closed","ping_status":"open","template":"","meta":{"footnotes":""},"class_list":["post-4337","page","type-page","status-publish","hentry"],"_links":{"self":[{"href":"https:\/\/mindthepositive.com\/tr\/wp-json\/wp\/v2\/pages\/4337","targetHints":{"allow":["GET"]}}],"collection":[{"href":"https:\/\/mindthepositive.com\/tr\/wp-json\/wp\/v2\/pages"}],"about":[{"href":"https:\/\/mindthepositive.com\/tr\/wp-json\/wp\/v2\/types\/page"}],"author":[{"embeddable":true,"href":"https:\/\/mindthepositive.com\/tr\/wp-json\/wp\/v2\/users\/1"}],"replies":[{"embeddable":true,"href":"https:\/\/mindthepositive.com\/tr\/wp-json\/wp\/v2\/comments?post=4337"}],"version-history":[{"count":3,"href":"https:\/\/mindthepositive.com\/tr\/wp-json\/wp\/v2\/pages\/4337\/revisions"}],"predecessor-version":[{"id":4450,"href":"https:\/\/mindthepositive.com\/tr\/wp-json\/wp\/v2\/pages\/4337\/revisions\/4450"}],"wp:attachment":[{"href":"https:\/\/mindthepositive.com\/tr\/wp-json\/wp\/v2\/media?parent=4337"}],"curies":[{"name":"wp","href":"https:\/\/api.w.org\/{rel}","templated":true}]}}