{"id":4333,"date":"2017-02-09T13:31:32","date_gmt":"2017-02-09T13:31:32","guid":{"rendered":"https:\/\/mindthepositive.com\/posts\/"},"modified":"2024-09-02T23:34:04","modified_gmt":"2024-09-02T23:34:04","slug":"yazilar","status":"publish","type":"page","link":"https:\/\/mindthepositive.com\/tr\/yazilar\/","title":{"rendered":"Yaz\u0131lar"},"content":{"rendered":"<div id='av-masonry-1' class='av-masonry av-2gvtp3-233b59c7b703b182cc2eba34d750f818 noHover av-fixed-size av-large-gap av-hover-overlay-active av-masonry-animation-active av-masonry-col-3 av-caption-always av-caption-style-overlay av-masonry-entries ' data-post_id=\"4333\"><div class=\"av-masonry-container isotope av-js-disabled\"><div class='av-masonry-entry isotope-item av-masonry-item-no-image '><\/div><a href=\"https:\/\/mindthepositive.com\/tr\/her-seyin-anasi-kadin\/\"  id='av-masonry-1-item-5440' data-av-masonry-item='5440' class='av-masonry-entry isotope-item post-5440 post type-post status-publish format-standard has-post-thumbnail hentry  av-masonry-item-with-image' title=\"20de08e8-6d05-4c0f-afb8-4bd61cd0048d\"   itemscope=\"itemscope\" itemtype=\"https:\/\/schema.org\/CreativeWork\" ><div class='av-inner-masonry-sizer'><\/div><figure class='av-inner-masonry main_color'><div class=\"av-masonry-outerimage-container\"><div class='av-masonry-image-container' style=\"background-image: url(https:\/\/mindthepositive.com\/wp-content\/uploads\/2023\/07\/20de08e8-6d05-4c0f-afb8-4bd61cd0048d.jpg);\"  title=\"20de08e8-6d05-4c0f-afb8-4bd61cd0048d\"  ><\/div><\/div><figcaption class='av-inner-masonry-content site-background'><div class='av-inner-masonry-content-pos'><div class='av-inner-masonry-content-pos-content'><div class='avia-arrow'><\/div><h3 class='av-masonry-entry-title entry-title '  itemprop=\"headline\" >Her \u015eeyin Anas\u0131 Kad\u0131n<\/h3><div class='av-masonry-entry-content entry-content'  itemprop=\"text\" >\u201cKad\u0131nlar erkeklerle e\u015fit olduklar\u0131 konusunda aptalca bir\u2026<\/div><span class='av-masonry-date meta-color updated'>Temmuz 2, 2023<\/span><span class=\"av-masonry-text-sep text-sep-author\">\/<\/span><span class='av-masonry-author meta-color author'><span class='fn'>taraf\u0131ndan MTPadmin<\/span><\/span><\/div><\/div><\/figcaption><\/figure><\/a><!--end av-masonry entry--><a href=\"https:\/\/mindthepositive.com\/tr\/sondan-onceki-son-cikis\/\"  id='av-masonry-1-item-5408' data-av-masonry-item='5408' class='av-masonry-entry isotope-item post-5408 post type-post status-publish format-standard has-post-thumbnail hentry  av-masonry-item-with-image' title=\"IMG_5058\"   itemscope=\"itemscope\" itemtype=\"https:\/\/schema.org\/CreativeWork\" ><div class='av-inner-masonry-sizer'><\/div><figure class='av-inner-masonry main_color'><div class=\"av-masonry-outerimage-container\"><div class='av-masonry-image-container' style=\"background-image: url(https:\/\/mindthepositive.com\/wp-content\/uploads\/2023\/03\/IMG_5058.jpg);\"  title=\"IMG_5058\"  ><\/div><\/div><figcaption class='av-inner-masonry-content site-background'><div class='av-inner-masonry-content-pos'><div class='av-inner-masonry-content-pos-content'><div class='avia-arrow'><\/div><h3 class='av-masonry-entry-title entry-title '  itemprop=\"headline\" >Sondan \u00d6nceki Son \u00c7\u0131k\u0131\u015f<\/h3><div class='av-masonry-entry-content entry-content'  itemprop=\"text\" >\u0130stanbul\u2019da ya\u015fayan herkes bilir \u201cK\u00f6pr\u00fcden \u00d6nce Son\u2026<\/div><span class='av-masonry-date meta-color updated'>Mart 20, 2023<\/span><span class=\"av-masonry-text-sep text-sep-author\">\/<\/span><span class='av-masonry-author meta-color author'><span class='fn'>taraf\u0131ndan MTPadmin<\/span><\/span><\/div><\/div><\/figcaption><\/figure><\/a><!--end av-masonry entry--><a href=\"https:\/\/mindthepositive.com\/tr\/kutsal-yasak-elma\/\"  id='av-masonry-1-item-5385' data-av-masonry-item='5385' class='av-masonry-entry isotope-item post-5385 post type-post status-publish format-standard has-post-thumbnail hentry  av-masonry-item-with-image' title=\"the sacred forebidden apple\"   itemscope=\"itemscope\" itemtype=\"https:\/\/schema.org\/CreativeWork\" ><div class='av-inner-masonry-sizer'><\/div><figure class='av-inner-masonry main_color'><div class=\"av-masonry-outerimage-container\"><div class='av-masonry-image-container' style=\"background-image: url(https:\/\/mindthepositive.com\/wp-content\/uploads\/2023\/02\/the-sacred-forebidden-apple.jpg);\"  title=\"the sacred forebidden apple\"  ><\/div><\/div><figcaption class='av-inner-masonry-content site-background'><div class='av-inner-masonry-content-pos'><div class='av-inner-masonry-content-pos-content'><div class='avia-arrow'><\/div><h3 class='av-masonry-entry-title entry-title '  itemprop=\"headline\" >Kutsal Yasak Elma<\/h3><div class='av-masonry-entry-content entry-content'  itemprop=\"text\" >Sevgililer g\u00fcn\u00fcn\u00fc ge\u00e7eli birka\u00e7 hafta oldu. 14 \u015eubat\u2019\u0131\u2026<\/div><span class='av-masonry-date meta-color updated'>\u015eubat 26, 2023<\/span><span class=\"av-masonry-text-sep text-sep-author\">\/<\/span><span class='av-masonry-author meta-color author'><span class='fn'>taraf\u0131ndan MTPadmin<\/span><\/span><\/div><\/div><\/figcaption><\/figure><\/a><!--end av-masonry entry--><a href=\"https:\/\/mindthepositive.com\/tr\/umudun-yasini-tutmak-da-varmis\/\"  id='av-masonry-1-item-6137' data-av-masonry-item='6137' class='av-masonry-entry isotope-item post-6137 post type-post status-publish format-standard has-post-thumbnail hentry category-yazilar  av-masonry-item-with-image' title=\"Flame\"   itemscope=\"itemscope\" itemtype=\"https:\/\/schema.org\/CreativeWork\" ><div class='av-inner-masonry-sizer'><\/div><figure class='av-inner-masonry main_color'><div class=\"av-masonry-outerimage-container\"><div class='av-masonry-image-container' style=\"background-image: url(https:\/\/mindthepositive.com\/wp-content\/uploads\/2023\/02\/Flame.jpg);\"  title=\"Flame\"  ><\/div><\/div><figcaption class='av-inner-masonry-content site-background'><div class='av-inner-masonry-content-pos'><div class='av-inner-masonry-content-pos-content'><div class='avia-arrow'><\/div><h3 class='av-masonry-entry-title entry-title '  itemprop=\"headline\" >Umudun Yas\u0131n\u0131 Tutmak da Varm\u0131\u015f<\/h3><div class='av-masonry-entry-content entry-content'  itemprop=\"text\" >6 \u015eubat sabah\u0131ndan beri \u015fok \u00fczerine \u015fok ya\u015f\u0131yoruz. Ya\u015fad\u0131klar\u0131m\u0131z,\u2026<\/div><span class='av-masonry-date meta-color updated'>\u015eubat 20, 2023<\/span><span class=\"av-masonry-text-sep text-sep-author\">\/<\/span><span class='av-masonry-author meta-color author'><span class='fn'>taraf\u0131ndan MTPadmin<\/span><\/span><\/div><\/div><\/figcaption><\/figure><\/a><!--end av-masonry entry--><a href=\"https:\/\/mindthepositive.com\/tr\/kadin-erkek-esitligi-uzerine-absurt-bir-hipotez\/\"  id='av-masonry-1-item-6129' data-av-masonry-item='6129' class='av-masonry-entry isotope-item post-6129 post type-post status-publish format-standard has-post-thumbnail hentry  av-masonry-item-with-image' title=\"732623fc-02e9-4201-af83-e9d7ab5a315d\"   itemscope=\"itemscope\" itemtype=\"https:\/\/schema.org\/CreativeWork\" ><div class='av-inner-masonry-sizer'><\/div><figure class='av-inner-masonry main_color'><div class=\"av-masonry-outerimage-container\"><div class='av-masonry-image-container' style=\"background-image: url(https:\/\/mindthepositive.com\/wp-content\/uploads\/2023\/01\/732623fc-02e9-4201-af83-e9d7ab5a315d.jpg);\"  title=\"732623fc-02e9-4201-af83-e9d7ab5a315d\"  ><\/div><\/div><figcaption class='av-inner-masonry-content site-background'><div class='av-inner-masonry-content-pos'><div class='av-inner-masonry-content-pos-content'><div class='avia-arrow'><\/div><h3 class='av-masonry-entry-title entry-title '  itemprop=\"headline\" >Kad\u0131n-Erkek E\u015fitli\u011fi \u00dczerine (Abs\u00fcrt) Bir Hipotez<\/h3><div class='av-masonry-entry-content entry-content'  itemprop=\"text\" >Daha \u00f6nce yazm\u0131\u015ft\u0131m, Yan\u0131nday\u0131z\u2019\u0131n yan\u0131nday\u0131m diye.\u2026<\/div><span class='av-masonry-date meta-color updated'>Ocak 21, 2023<\/span><span class=\"av-masonry-text-sep text-sep-author\">\/<\/span><span class='av-masonry-author meta-color author'><span class='fn'>taraf\u0131ndan MTPadmin<\/span><\/span><\/div><\/div><\/figcaption><\/figure><\/a><!--end av-masonry entry--><a href=\"https:\/\/mindthepositive.com\/tr\/yanindayim\/\"  id='av-masonry-1-item-5165' data-av-masonry-item='5165' class='av-masonry-entry isotope-item post-5165 post type-post status-publish format-standard has-post-thumbnail hentry  av-masonry-item-with-image' title=\"logo\"   itemscope=\"itemscope\" itemtype=\"https:\/\/schema.org\/CreativeWork\" ><div class='av-inner-masonry-sizer'><\/div><figure class='av-inner-masonry main_color'><div class=\"av-masonry-outerimage-container\"><div class='av-masonry-image-container' style=\"background-image: url(https:\/\/mindthepositive.com\/wp-content\/uploads\/2023\/01\/logo.png);\"  title=\"logo\"  ><\/div><\/div><figcaption class='av-inner-masonry-content site-background'><div class='av-inner-masonry-content-pos'><div class='av-inner-masonry-content-pos-content'><div class='avia-arrow'><\/div><h3 class='av-masonry-entry-title entry-title '  itemprop=\"headline\" >Yan\u0131nday\u0131m!<\/h3><div class='av-masonry-entry-content entry-content'  itemprop=\"text\" >Yeni y\u0131l demek yeni ba\u015flang\u0131\u00e7lar demek. Yeni giri\u015fimler,\u2026<\/div><span class='av-masonry-date meta-color updated'>Ocak 8, 2023<\/span><span class=\"av-masonry-text-sep text-sep-author\">\/<\/span><span class='av-masonry-author meta-color author'><span class='fn'>taraf\u0131ndan MTPadmin<\/span><\/span><\/div><\/div><\/figcaption><\/figure><\/a><!--end av-masonry entry--><a href=\"https:\/\/mindthepositive.com\/tr\/sana-ihtiyacim-var\/\"  id='av-masonry-1-item-5797' data-av-masonry-item='5797' class='av-masonry-entry isotope-item post-5797 post type-post status-publish format-standard has-post-thumbnail hentry  av-masonry-item-with-image' title=\"I-Need-You-And-You-Need-Me-vxz404desi17\"   itemscope=\"itemscope\" itemtype=\"https:\/\/schema.org\/CreativeWork\" ><div class='av-inner-masonry-sizer'><\/div><figure class='av-inner-masonry main_color'><div class=\"av-masonry-outerimage-container\"><div class='av-masonry-image-container' style=\"background-image: url(https:\/\/mindthepositive.com\/wp-content\/uploads\/2022\/12\/I-Need-You-And-You-Need-Me-vxz404desi17.jpeg);\"  title=\"I-Need-You-And-You-Need-Me-vxz404desi17\"  ><\/div><\/div><figcaption class='av-inner-masonry-content site-background'><div class='av-inner-masonry-content-pos'><div class='av-inner-masonry-content-pos-content'><div class='avia-arrow'><\/div><h3 class='av-masonry-entry-title entry-title '  itemprop=\"headline\" >Sana \u0130htiyac\u0131m Var!<\/h3><div class='av-masonry-entry-content entry-content'  itemprop=\"text\" >\u00d6yle bir d\u00fcnyada ya\u015f\u0131yoruz ki, g\u00fc\u00e7 ve ba\u015far\u0131 ki\u015finin\u2026<\/div><span class='av-masonry-date meta-color updated'>Aral\u0131k 18, 2022<\/span><span class=\"av-masonry-text-sep text-sep-author\">\/<\/span><span class='av-masonry-author meta-color author'><span class='fn'>taraf\u0131ndan MTPadmin<\/span><\/span><\/div><\/div><\/figcaption><\/figure><\/a><!--end av-masonry entry--><a href=\"https:\/\/mindthepositive.com\/tr\/yazar-neden-yazar\/\"  id='av-masonry-1-item-6122' data-av-masonry-item='6122' class='av-masonry-entry isotope-item post-6122 post type-post status-publish format-standard has-post-thumbnail hentry  av-masonry-item-with-image' title=\"writer\"   itemscope=\"itemscope\" itemtype=\"https:\/\/schema.org\/CreativeWork\" ><div class='av-inner-masonry-sizer'><\/div><figure class='av-inner-masonry main_color'><div class=\"av-masonry-outerimage-container\"><div class='av-masonry-image-container' style=\"background-image: url(https:\/\/mindthepositive.com\/wp-content\/uploads\/2022\/11\/writer.jpeg);\"  title=\"writer\"  ><\/div><\/div><figcaption class='av-inner-masonry-content site-background'><div class='av-inner-masonry-content-pos'><div class='av-inner-masonry-content-pos-content'><div class='avia-arrow'><\/div><h3 class='av-masonry-entry-title entry-title '  itemprop=\"headline\" >Yazar Neden Yazar?<\/h3><div class='av-masonry-entry-content entry-content'  itemprop=\"text\" >Makalemin ba\u015fl\u0131\u011f\u0131ndan anla\u015f\u0131laca\u011f\u0131 \u00fczere, kendime sordu\u011fum\u2026<\/div><span class='av-masonry-date meta-color updated'>Kas\u0131m 28, 2022<\/span><span class=\"av-masonry-text-sep text-sep-author\">\/<\/span><span class='av-masonry-author meta-color author'><span class='fn'>taraf\u0131ndan MTPadmin<\/span><\/span><\/div><\/div><\/figcaption><\/figure><\/a><!--end av-masonry entry--><a href=\"https:\/\/mindthepositive.com\/tr\/elon-musk-ve-twitter-mi-dediniz\/\"  id='av-masonry-1-item-5804' data-av-masonry-item='5804' class='av-masonry-entry isotope-item post-5804 post type-post status-publish format-standard has-post-thumbnail hentry  av-masonry-item-with-image' title=\"elon-musskk\"   itemscope=\"itemscope\" itemtype=\"https:\/\/schema.org\/CreativeWork\" ><div class='av-inner-masonry-sizer'><\/div><figure class='av-inner-masonry main_color'><div class=\"av-masonry-outerimage-container\"><div class='av-masonry-image-container' style=\"background-image: url(https:\/\/mindthepositive.com\/wp-content\/uploads\/2022\/11\/elon-musskk.webp);\"  title=\"elon-musskk\"  ><\/div><\/div><figcaption class='av-inner-masonry-content site-background'><div class='av-inner-masonry-content-pos'><div class='av-inner-masonry-content-pos-content'><div class='avia-arrow'><\/div><h3 class='av-masonry-entry-title entry-title '  itemprop=\"headline\" >Elon Musk ve Twitter m\u0131 dediniz?<\/h3><div class='av-masonry-entry-content entry-content'  itemprop=\"text\" >Son bir haftad\u0131r Twitter\u2019\u0131n el de\u011fi\u015ftirme, al\u0131m s\u00fcre\u00e7lerini\u2026<\/div><span class='av-masonry-date meta-color updated'>Kas\u0131m 13, 2022<\/span><span class=\"av-masonry-text-sep text-sep-author\">\/<\/span><span class='av-masonry-author meta-color author'><span class='fn'>taraf\u0131ndan MTPadmin<\/span><\/span><\/div><\/div><\/figcaption><\/figure><\/a><!--end av-masonry entry--><a href=\"https:\/\/mindthepositive.com\/tr\/dunya-insani-olmak-ya-da-olmamak\/\"  id='av-masonry-1-item-5304' data-av-masonry-item='5304' class='av-masonry-entry isotope-item post-5304 post type-post status-publish format-standard has-post-thumbnail hentry  av-masonry-item-with-image' title=\"hands-600497_1920\"   itemscope=\"itemscope\" itemtype=\"https:\/\/schema.org\/CreativeWork\" ><div class='av-inner-masonry-sizer'><\/div><figure class='av-inner-masonry main_color'><div class=\"av-masonry-outerimage-container\"><div class='av-masonry-image-container' style=\"background-image: url(https:\/\/mindthepositive.com\/wp-content\/uploads\/2022\/10\/hands-600497_1920.jpg);\"  title=\"hands-600497_1920\"  ><\/div><\/div><figcaption class='av-inner-masonry-content site-background'><div class='av-inner-masonry-content-pos'><div class='av-inner-masonry-content-pos-content'><div class='avia-arrow'><\/div><h3 class='av-masonry-entry-title entry-title '  itemprop=\"headline\" >D\u00fcnya \u0130nsan\u0131 Olmak ya da Olmamak\u2026<\/h3><div class='av-masonry-entry-content entry-content'  itemprop=\"text\" >G\u00fcndemi konu alan yazarlar\u0131m\u0131za \u00e7ok \u00f6zeniyorum. San\u0131r\u0131m,\u2026<\/div><span class='av-masonry-date meta-color updated'>Ekim 28, 2022<\/span><span class=\"av-masonry-text-sep text-sep-author\">\/<\/span><span class='av-masonry-author meta-color author'><span class='fn'>taraf\u0131ndan MTPadmin<\/span><\/span><\/div><\/div><\/figcaption><\/figure><\/a><!--end av-masonry entry--><a href=\"https:\/\/mindthepositive.com\/tr\/kova-listesi\/\"  id='av-masonry-1-item-6119' data-av-masonry-item='6119' class='av-masonry-entry isotope-item post-6119 post type-post status-publish format-standard has-post-thumbnail hentry  av-masonry-item-with-image' title=\"skydive shirli\"   itemscope=\"itemscope\" itemtype=\"https:\/\/schema.org\/CreativeWork\" ><div class='av-inner-masonry-sizer'><\/div><figure class='av-inner-masonry main_color'><div class=\"av-masonry-outerimage-container\"><div class='av-masonry-image-container' style=\"background-image: url(https:\/\/mindthepositive.com\/wp-content\/uploads\/2022\/10\/skydive-shirli.jpg);\"  title=\"skydive shirli\"  ><\/div><\/div><figcaption class='av-inner-masonry-content site-background'><div class='av-inner-masonry-content-pos'><div class='av-inner-masonry-content-pos-content'><div class='avia-arrow'><\/div><h3 class='av-masonry-entry-title entry-title '  itemprop=\"headline\" >Kova Listesi<\/h3><div class='av-masonry-entry-content entry-content'  itemprop=\"text\" >Ge\u00e7en hafta sal\u0131 (11 Ekim 2022) hayat\u0131m\u0131n en deli, en \u00e7\u0131lg\u0131n,\u2026<\/div><span class='av-masonry-date meta-color updated'>Ekim 16, 2022<\/span><span class=\"av-masonry-text-sep text-sep-author\">\/<\/span><span class='av-masonry-author meta-color author'><span class='fn'>taraf\u0131ndan MTPadmin<\/span><\/span><\/div><\/div><\/figcaption><\/figure><\/a><!--end av-masonry entry--><a href=\"https:\/\/mindthepositive.com\/tr\/guzel-cirkin\/\"  id='av-masonry-1-item-5296' data-av-masonry-item='5296' class='av-masonry-entry isotope-item post-5296 post type-post status-publish format-standard has-post-thumbnail hentry  av-masonry-item-with-image' title=\"baby_in_mirror.0.1537578188.0\"   itemscope=\"itemscope\" itemtype=\"https:\/\/schema.org\/CreativeWork\" ><div class='av-inner-masonry-sizer'><\/div><figure class='av-inner-masonry main_color'><div class=\"av-masonry-outerimage-container\"><div class='av-masonry-image-container' style=\"background-image: url(https:\/\/mindthepositive.com\/wp-content\/uploads\/2022\/07\/baby_in_mirror.0.1537578188.0.jpg);\"  title=\"baby_in_mirror.0.1537578188.0\"  ><\/div><\/div><figcaption class='av-inner-masonry-content site-background'><div class='av-inner-masonry-content-pos'><div class='av-inner-masonry-content-pos-content'><div class='avia-arrow'><\/div><h3 class='av-masonry-entry-title entry-title '  itemprop=\"headline\" >G\u00fczel \u00c7irkin<\/h3><div class='av-masonry-entry-content entry-content'  itemprop=\"text\" >Bu yaz\u0131y\u0131 bir cennet k\u00f6\u015fesinden, do\u011fan\u0131n sadeli\u011fi ve g\u00fczelli\u011finin\u2026<\/div><span class='av-masonry-date meta-color updated'>Temmuz 10, 2022<\/span><span class=\"av-masonry-text-sep text-sep-author\">\/<\/span><span class='av-masonry-author meta-color author'><span class='fn'>taraf\u0131ndan MTPadmin<\/span><\/span><\/div><\/div><\/figcaption><\/figure><\/a><!--end av-masonry entry--><\/div><div class='av-masonry-pagination av-masonry-pagination-pagination'><nav class='pagination'><span class='pagination-meta'>Page 1 of 6<\/span><span class='current'>1<\/span><a href='https:\/\/mindthepositive.com\/tr\/wp-json\/wp\/v2\/pages\/4333\/?avia-element-paging=2' class='inactive next_page' >2<\/a><a href='https:\/\/mindthepositive.com\/tr\/wp-json\/wp\/v2\/pages\/4333\/?avia-element-paging=3' class='inactive' >3<\/a><a href='https:\/\/mindthepositive.com\/tr\/wp-json\/wp\/v2\/pages\/4333\/?avia-element-paging=2'>&rsaquo;<\/a><a href='https:\/\/mindthepositive.com\/tr\/wp-json\/wp\/v2\/pages\/4333\/?avia-element-paging=6'>&raquo;<\/a><\/nav>\n<\/div><\/div>\n","protected":false},"excerpt":{"rendered":"","protected":false},"author":1,"featured_media":0,"parent":0,"menu_order":0,"comment_status":"closed","ping_status":"open","template":"","meta":{"footnotes":""},"class_list":["post-4333","page","type-page","status-publish","hentry"],"_links":{"self":[{"href":"https:\/\/mindthepositive.com\/tr\/wp-json\/wp\/v2\/pages\/4333","targetHints":{"allow":["GET"]}}],"collection":[{"href":"https:\/\/mindthepositive.com\/tr\/wp-json\/wp\/v2\/pages"}],"about":[{"href":"https:\/\/mindthepositive.com\/tr\/wp-json\/wp\/v2\/types\/page"}],"author":[{"embeddable":true,"href":"https:\/\/mindthepositive.com\/tr\/wp-json\/wp\/v2\/users\/1"}],"replies":[{"embeddable":true,"href":"https:\/\/mindthepositive.com\/tr\/wp-json\/wp\/v2\/comments?post=4333"}],"version-history":[{"count":6,"href":"https:\/\/mindthepositive.com\/tr\/wp-json\/wp\/v2\/pages\/4333\/revisions"}],"predecessor-version":[{"id":6050,"href":"https:\/\/mindthepositive.com\/tr\/wp-json\/wp\/v2\/pages\/4333\/revisions\/6050"}],"wp:attachment":[{"href":"https:\/\/mindthepositive.com\/tr\/wp-json\/wp\/v2\/media?parent=4333"}],"curies":[{"name":"wp","href":"https:\/\/api.w.org\/{rel}","templated":true}]}}