{"id":4331,"date":"2017-02-02T14:27:30","date_gmt":"2017-02-02T14:27:30","guid":{"rendered":"https:\/\/mindthepositive.com\/contact\/"},"modified":"2024-10-08T08:55:40","modified_gmt":"2024-10-08T08:55:40","slug":"iletisim","status":"publish","type":"page","link":"https:\/\/mindthepositive.com\/tr\/iletisim\/","title":{"rendered":"\u0130leti\u015fim"},"content":{"rendered":"\n<style type=\"text\/css\" data-created_by=\"avia_inline_auto\" id=\"style-css-av-1jod5nv-0d95b7bccf6687896bbe42a7fbfad9fe\">\n.avia-section.av-1jod5nv-0d95b7bccf6687896bbe42a7fbfad9fe{\nbackground-color:#fcfcfc;\nbackground-image:unset;\n}\n<\/style>\n<div id='newsletter'  class='avia-section av-1jod5nv-0d95b7bccf6687896bbe42a7fbfad9fe main_color avia-section-huge avia-no-border-styling  avia-builder-el-0  avia-builder-el-no-sibling  avia-bg-style-fixed container_wrap sidebar_right'  ><div class='container av-section-cont-open' ><main  role=\"main\" itemprop=\"mainContentOfPage\"  class='template-page content  av-content-small alpha units'><div class='post-entry post-entry-type-page post-entry-4331'><div class='entry-content-wrapper clearfix'>\n\n<style type=\"text\/css\" data-created_by=\"avia_inline_auto\" id=\"style-css-av-1h6377f-87ac3a0f70d38fb010471becfcb53555\">\n#top .av-special-heading.av-1h6377f-87ac3a0f70d38fb010471becfcb53555{\npadding-bottom:20px;\nfont-size:40px;\n}\nbody .av-special-heading.av-1h6377f-87ac3a0f70d38fb010471becfcb53555 .av-special-heading-tag .heading-char{\nfont-size:25px;\n}\n#top #wrap_all .av-special-heading.av-1h6377f-87ac3a0f70d38fb010471becfcb53555 .av-special-heading-tag{\nfont-size:40px;\npadding:0 0 20px 0;\n}\n.av-special-heading.av-1h6377f-87ac3a0f70d38fb010471becfcb53555 .av-subheading{\nfont-size:15px;\n}\n\n@media only screen and (min-width: 480px) and (max-width: 767px){ \n#top #wrap_all .av-special-heading.av-1h6377f-87ac3a0f70d38fb010471becfcb53555 .av-special-heading-tag{\nfont-size:0.8em;\n}\n}\n\n@media only screen and (max-width: 479px){ \n#top #wrap_all .av-special-heading.av-1h6377f-87ac3a0f70d38fb010471becfcb53555 .av-special-heading-tag{\nfont-size:0.8em;\n}\n}\n<\/style>\n<div  class='av-special-heading av-1h6377f-87ac3a0f70d38fb010471becfcb53555 av-special-heading-h2 blockquote modern-quote  avia-builder-el-1  el_before_av_codeblock  avia-builder-el-first  av-inherit-size'><h2 class='av-special-heading-tag'  itemprop=\"headline\"  >\u0130leti\u015fim<\/h2><div class='av-subheading av-subheading_below'><p>Bize Yaz\u0131n veya \u015eimdi Toplant\u0131 Al\u0131n<\/p>\n<\/div><div class=\"special-heading-border\"><div class=\"special-heading-inner-border\"><\/div><\/div><\/div>\n\n<div  class='hr av-av_hr-30abfa7e3c509a8c2a728fa84283c5d9 hr-short  avia-builder-el-3  el_after_av_codeblock  el_before_av_contact  hr-center'><span class='hr-inner '><span class=\"hr-inner-style\"><\/span><\/span><\/div>\n<form action=\"https:\/\/mindthepositive.com\/tr\/iletisim\/\" method=\"post\" data-fields-with-error=\"Found errors in the following field(s):\" class=\"avia_ajax_form av-form-labels-hidden   avia-builder-el-4  el_after_av_hr  el_before_av_hr   \" data-avia-form-id=\"1\" data-avia-redirect='' ><fieldset><p class='  first_form  form_element form_fullwidth' id='element_avia_1_1'><label for=\"avia_1_1\">\u0130sim <abbr class=\"required\" title=\"Zorunlu\">*<\/abbr><\/label> <input name=\"avia_1_1\" class=\"text_input is_empty\" type=\"text\" id=\"avia_1_1\" value=\"\"  placeholder='\u0130sim*'\/><\/p><p class='  first_form  form_element form_fullwidth' id='element_avia_2_1'><label for=\"avia_2_1\">E-posta <abbr class=\"required\" title=\"Zorunlu\">*<\/abbr><\/label> <input name=\"avia_2_1\" class=\"text_input is_email\" type=\"text\" id=\"avia_2_1\" value=\"\"  placeholder='E-posta*'\/><\/p><p class='  first_form  form_element form_fullwidth' id='element_avia_3_1'><label for=\"avia_3_1\">G\u00f6rev\/Pozisyon<\/label> <input name=\"avia_3_1\" class=\"text_input \" type=\"text\" id=\"avia_3_1\" value=\"\"  placeholder='G\u00f6rev\/Pozisyon'\/><\/p><div id='avia_4_1' class='av-form-text'><p style=\"text-align: left;\"><span style=\"color: #000000;\"><strong>Kurum<\/strong><\/span><\/p>\n<\/div><p class='  first_form  form_element form_element_fourth' id='element_avia_5_1'><input  name=\"avia_5_1\" class=\"input_checkbox \" type=\"checkbox\" id=\"avia_5_1\" value=\"true\"\/><label class=\"input_checkbox_label\" for=\"avia_5_1\">E\u011fitim Kurumu<\/label><\/p><p class='  form_element form_element_fourth' id='element_avia_6_1'><input  name=\"avia_6_1\" class=\"input_checkbox \" type=\"checkbox\" id=\"avia_6_1\" value=\"true\"\/><label class=\"input_checkbox_label\" for=\"avia_6_1\">Kurumsal<\/label><\/p><p class='  form_element form_element_fourth' id='element_avia_7_1'><input  name=\"avia_7_1\" class=\"input_checkbox \" type=\"checkbox\" id=\"avia_7_1\" value=\"true\"\/><label class=\"input_checkbox_label\" for=\"avia_7_1\">STK<\/label><\/p><p class='  form_element form_element_fourth' id='element_avia_8_1'><label for=\"avia_8_1\">Di\u011fer: L\u00fctfen belirtiniz<\/label> <input name=\"avia_8_1\" class=\"text_input \" type=\"text\" id=\"avia_8_1\" value=\"\"  placeholder='Di\u011fer: L\u00fctfen belirtiniz'\/><\/p><div id='avia_9_1' class='av-form-text'><p style=\"text-align: left;\"><span style=\"color: #000000;\"><strong>\u0130lgi Konular\u0131<\/strong><\/span><\/p>\n<\/div><p class='  first_form  form_element form_element_third' id='element_avia_10_1'><input  name=\"avia_10_1\" class=\"input_checkbox \" type=\"checkbox\" id=\"avia_10_1\" value=\"true\"\/><label class=\"input_checkbox_label\" for=\"avia_10_1\">E\u011fitim &amp; At\u00f6lyeler<\/label><\/p><p class='  form_element form_element_third' id='element_avia_11_1'><input  name=\"avia_11_1\" class=\"input_checkbox \" type=\"checkbox\" id=\"avia_11_1\" value=\"true\"\/><label class=\"input_checkbox_label\" for=\"avia_11_1\">Dan\u0131\u015fmanl\u0131k<\/label><\/p><p class='  form_element form_element_third' id='element_avia_12_1'><input  name=\"avia_12_1\" class=\"input_checkbox \" type=\"checkbox\" id=\"avia_12_1\" value=\"true\"\/><label class=\"input_checkbox_label\" for=\"avia_12_1\">\u00d6l\u00e7\u00fcmleme &amp; De\u011ferleme<\/label><\/p><p class='  first_form  form_element form_element_third' id='element_avia_13_1'><input  name=\"avia_13_1\" class=\"input_checkbox \" type=\"checkbox\" id=\"avia_13_1\" value=\"true\"\/><label class=\"input_checkbox_label\" for=\"avia_13_1\">Ko\u00e7luk<\/label><\/p><p class='  form_element form_element_third' id='element_avia_14_1'><input  name=\"avia_14_1\" class=\"input_checkbox \" type=\"checkbox\" id=\"avia_14_1\" value=\"true\"\/><label class=\"input_checkbox_label\" for=\"avia_14_1\">Ment\u00f6rl\u00fck<\/label><\/p><p class='  form_element form_element_third av-last-visible-form-element' id='element_avia_15_1'><input  name=\"avia_15_1\" class=\"input_checkbox \" type=\"checkbox\" id=\"avia_15_1\" value=\"true\"\/><label class=\"input_checkbox_label\" for=\"avia_15_1\">Genel bilgi<\/label><\/p><p class=\"hidden\"><input type=\"text\" name=\"avia_16_1\" class=\"hidden \" id=\"avia_16_1\" value=\"\" \/><\/p><p class=\"form_element \"><input type=\"hidden\" value=\"1\" name=\"avia_generated_form1\" \/><input type=\"submit\" value=\"G\u00f6nder\" class=\"button\"  data-sending-label=\"G\u00f6nderiliyor\"\/><\/p><\/fieldset><\/form><div id=\"ajaxresponse_1\" class=\"ajaxresponse ajaxresponse_1 hidden\"><\/div>\n<div  class='hr av-qd41mz-747f6c7db2103780a0aa098ecaaa2a33 hr-short  avia-builder-el-5  el_after_av_contact  el_before_av_one_full  hr-center'><span class='hr-inner '><span class=\"hr-inner-style\"><\/span><\/span><\/div>\n\n<style type=\"text\/css\" data-created_by=\"avia_inline_auto\" id=\"style-css-av-nqup57-b11b821dbf021a1df7eaa2cf73ac7c03\">\n.flex_column.av-nqup57-b11b821dbf021a1df7eaa2cf73ac7c03{\nborder-radius:0px 0px 0px 0px;\npadding:0px 0px 0px 0px;\n}\n<\/style>\n<div  class='flex_column av-nqup57-b11b821dbf021a1df7eaa2cf73ac7c03 av_one_full  avia-builder-el-6  el_after_av_hr  el_before_av_hr  first flex_column_div av-zero-column-padding  '     ><section  class='av_textblock_section av-m0ldhis1-32da6e9d5a7cd6e2b94a922a06321b09 '   itemscope=\"itemscope\" itemtype=\"https:\/\/schema.org\/CreativeWork\" ><div class='avia_textblock'  itemprop=\"text\" ><p style=\"text-align: center;\"><strong>E-mail:<\/strong> <a style=\"color: #0a0a0a;\" href=\"mailto:mindthepositive@gmail.com\" target=\"_blank\" rel=\"noopener\">mindthepositive@gmail.com<\/a><br \/>\n<strong>Adres:<\/strong> Barcelona, Spain<\/p>\n<\/div><\/section><\/div><div  class='hr av-m9mrdn-1a4ad33b240b01bf83073e970967b063 hr-short  avia-builder-el-8  el_after_av_one_full  el_before_av_heading  hr-center'><span class='hr-inner '><span class=\"hr-inner-style\"><\/span><\/span><\/div>\n\n<style type=\"text\/css\" data-created_by=\"avia_inline_auto\" id=\"style-css-av-24cpyj-9f816eee59b9c5f6f3b50a2e83dd50c4\">\n#top .av-special-heading.av-24cpyj-9f816eee59b9c5f6f3b50a2e83dd50c4{\npadding-bottom:20px;\nfont-size:40px;\n}\nbody .av-special-heading.av-24cpyj-9f816eee59b9c5f6f3b50a2e83dd50c4 .av-special-heading-tag .heading-char{\nfont-size:25px;\n}\n#top #wrap_all .av-special-heading.av-24cpyj-9f816eee59b9c5f6f3b50a2e83dd50c4 .av-special-heading-tag{\nfont-size:40px;\n}\n.av-special-heading.av-24cpyj-9f816eee59b9c5f6f3b50a2e83dd50c4 .av-subheading{\nfont-size:15px;\n}\n\n@media only screen and (min-width: 480px) and (max-width: 767px){ \n#top #wrap_all .av-special-heading.av-24cpyj-9f816eee59b9c5f6f3b50a2e83dd50c4 .av-special-heading-tag{\nfont-size:0.8em;\n}\n}\n\n@media only screen and (max-width: 479px){ \n#top #wrap_all .av-special-heading.av-24cpyj-9f816eee59b9c5f6f3b50a2e83dd50c4 .av-special-heading-tag{\nfont-size:0.8em;\n}\n}\n<\/style>\n<div  class='av-special-heading av-24cpyj-9f816eee59b9c5f6f3b50a2e83dd50c4 av-special-heading-h1 blockquote modern-quote modern-centered  avia-builder-el-9  el_after_av_hr  el_before_av_one_fifth  av-inherit-size'><h1 class='av-special-heading-tag'  itemprop=\"headline\"  >G\u00fcncel bilgiden haberdar olmak ister misiniz?<\/h1><div class=\"special-heading-border\"><div class=\"special-heading-inner-border\"><\/div><\/div><\/div>\n\n<style type=\"text\/css\" data-created_by=\"avia_inline_auto\" id=\"style-css-av-jiw0p7-370977b7d957e080804875a0dd7e6e19\">\n.flex_column.av-jiw0p7-370977b7d957e080804875a0dd7e6e19{\nborder-radius:0px 0px 0px 0px;\npadding:0px 0px 0px 0px;\n}\n<\/style>\n<div  class='flex_column av-jiw0p7-370977b7d957e080804875a0dd7e6e19 av_one_fifth  avia-builder-el-10  el_after_av_heading  el_before_av_three_fifth  first flex_column_div av-animated-generic fade-in av-zero-column-padding  '     ><\/div>\n<style type=\"text\/css\" data-created_by=\"avia_inline_auto\" id=\"style-css-av-hr2kd7-e4a7fec6276357fa18d4c8189b8f80b5\">\n.flex_column.av-hr2kd7-e4a7fec6276357fa18d4c8189b8f80b5{\nborder-radius:0px 0px 0px 0px;\npadding:0px 0px 0px 0px;\n}\n<\/style>\n<div  class='flex_column av-hr2kd7-e4a7fec6276357fa18d4c8189b8f80b5 av_three_fifth  avia-builder-el-11  el_after_av_one_fifth  el_before_av_one_fifth  flex_column_div av-animated-generic fade-in av-zero-column-padding  '     ><style type=\"text\/css\" data-created_by=\"avia_inline_auto\" id=\"style-css-av-f9cji3-58370d423977be77163ca21a02b840e0\">\n#top .av_textblock_section.av-f9cji3-58370d423977be77163ca21a02b840e0 .avia_textblock{\ncolor:#cecece;\n}\n<\/style>\n<section  class='av_textblock_section av-f9cji3-58370d423977be77163ca21a02b840e0 '   itemscope=\"itemscope\" itemtype=\"https:\/\/schema.org\/CreativeWork\" ><div class='avia_textblock av_inherit_color'  itemprop=\"text\" ><p style=\"text-align: center;\"><span style=\"color: #000000;\">\u00d6yleyse, e-posta listesine dahil olun&#8230;\u00a0<\/span><\/p>\n<\/div><\/section><br \/>\n<form action=\"https:\/\/mindthepositive.com\/tr\/iletisim\/\" method=\"post\"  data-av-custom-send='mailchimp_send'data-fields-with-error=\"Found errors in the following field(s):\" class=\"avia_ajax_form av-form-labels-visible   avia-builder-el-13  el_after_av_textblock  avia-builder-el-last  av-custom-form-color av-dark-form avia-mailchimp-form \" data-avia-form-id=\"2\" data-avia-redirect='' ><fieldset><p class='  first_form  form_element form_fullwidth' id='element_avia_0_2'><label for=\"avia_0_2\">E-posta adresi <abbr class=\"required\" title=\"Zorunlu\">*<\/abbr><\/label> <input name=\"avia_0_2\" class=\"text_input is_email\" type=\"text\" id=\"avia_0_2\" value=\"\" \/><\/p><p class=\"form_element  first_form  form_element form_fullwidth av-last-visible-form-element modified_width\"><input type=\"hidden\" value=\"1\" name=\"avia_generated_form2\" \/><input type=\"submit\" value=\"Kaydol\" class=\"button\"  data-sending-label=\"G\u00f6nderiliyor\"\/><\/p><p class=\"hidden\"><input type=\"text\" name=\"avia_avia_username_2\" class=\"hidden \" id=\"avia_avia_username_2\" value=\"\" \/><\/p><\/fieldset><\/form><div id=\"ajaxresponse_2\" class=\"ajaxresponse ajaxresponse_2 hidden\"><\/div><\/p><\/div>\n<style type=\"text\/css\" data-created_by=\"avia_inline_auto\" id=\"style-css-av-46dbvv-14092292d634e3fe8014beb3a52e8a5c\">\n.flex_column.av-46dbvv-14092292d634e3fe8014beb3a52e8a5c{\nborder-radius:0px 0px 0px 0px;\npadding:0px 0px 0px 0px;\n}\n<\/style>\n<div  class='flex_column av-46dbvv-14092292d634e3fe8014beb3a52e8a5c av_one_fifth  avia-builder-el-14  el_after_av_three_fifth  el_before_av_hr  flex_column_div av-animated-generic fade-in av-zero-column-padding  '     ><\/div><div  class='hr av-2tkuuz-2075e770de91eec454236577b59f1eb9 hr-short  avia-builder-el-15  el_after_av_one_fifth  avia-builder-el-last  hr-center'><span class='hr-inner '><span class=\"hr-inner-style\"><\/span><\/span><\/div>\n<\/div><\/div><\/main><!-- close content main element --><\/div><\/div><div id='after_section_1'  class='main_color av_default_container_wrap container_wrap sidebar_right'  ><div class='container av-section-cont-open' ><div class='template-page content  av-content-small alpha units'><div class='post-entry post-entry-type-page post-entry-4331'><div class='entry-content-wrapper clearfix'>\n","protected":false},"excerpt":{"rendered":"","protected":false},"author":1,"featured_media":0,"parent":0,"menu_order":0,"comment_status":"closed","ping_status":"open","template":"","meta":{"footnotes":""},"class_list":["post-4331","page","type-page","status-publish","hentry"],"_links":{"self":[{"href":"https:\/\/mindthepositive.com\/tr\/wp-json\/wp\/v2\/pages\/4331","targetHints":{"allow":["GET"]}}],"collection":[{"href":"https:\/\/mindthepositive.com\/tr\/wp-json\/wp\/v2\/pages"}],"about":[{"href":"https:\/\/mindthepositive.com\/tr\/wp-json\/wp\/v2\/types\/page"}],"author":[{"embeddable":true,"href":"https:\/\/mindthepositive.com\/tr\/wp-json\/wp\/v2\/users\/1"}],"replies":[{"embeddable":true,"href":"https:\/\/mindthepositive.com\/tr\/wp-json\/wp\/v2\/comments?post=4331"}],"version-history":[{"count":10,"href":"https:\/\/mindthepositive.com\/tr\/wp-json\/wp\/v2\/pages\/4331\/revisions"}],"predecessor-version":[{"id":6222,"href":"https:\/\/mindthepositive.com\/tr\/wp-json\/wp\/v2\/pages\/4331\/revisions\/6222"}],"wp:attachment":[{"href":"https:\/\/mindthepositive.com\/tr\/wp-json\/wp\/v2\/media?parent=4331"}],"curies":[{"name":"wp","href":"https:\/\/api.w.org\/{rel}","templated":true}]}}