{"id":4315,"date":"2018-07-03T20:59:28","date_gmt":"2018-07-03T20:59:28","guid":{"rendered":"https:\/\/mindthepositive.com\/?page_id=4315"},"modified":"2018-07-03T21:41:46","modified_gmt":"2018-07-03T21:41:46","slug":"olcumleme-danismanlik","status":"publish","type":"page","link":"https:\/\/mindthepositive.com\/tr\/olcumleme-danismanlik\/","title":{"rendered":"\u00d6l\u00e7\u00fcmleme &#038; Dan\u0131\u015fmanl\u0131k"},"content":{"rendered":"\n<style type=\"text\/css\" data-created_by=\"avia_inline_auto\" id=\"style-css-av-av_section-d49b9e1cf1d477a3d488d26e722c90aa\">\n.avia-section.av-av_section-d49b9e1cf1d477a3d488d26e722c90aa{\nbackground-repeat:no-repeat;\nbackground-image:url(https:\/\/mindthepositive.com\/wp-content\/uploads\/2017\/07\/1.jpg);\nbackground-position:50% 100%;\nbackground-attachment:scroll;\n}\n.avia-section.av-av_section-d49b9e1cf1d477a3d488d26e722c90aa .av-section-color-overlay{\nopacity:0.6;\nbackground-color:#000000;\n}\n<\/style>\n<div id='av_section_1'  class='avia-section av-av_section-d49b9e1cf1d477a3d488d26e722c90aa main_color avia-section-huge avia-no-shadow  avia-builder-el-0  el_before_av_section  avia-builder-el-first  avia-full-stretch avia-bg-style-scroll av-section-color-overlay-active container_wrap sidebar_right'  data-section-bg-repeat='stretch'><div class=\"av-section-color-overlay-wrap\"><div class=\"av-section-color-overlay\"><\/div><div class='container av-section-cont-open' ><main  role=\"main\" itemprop=\"mainContentOfPage\"  class='template-page content  av-content-small alpha units'><div class='post-entry post-entry-type-page post-entry-4315'><div class='entry-content-wrapper clearfix'>\n\n<style type=\"text\/css\" data-created_by=\"avia_inline_auto\" id=\"style-css-av-av_heading-3b9c01ad170c367702261fa32919440a\">\n#top .av-special-heading.av-av_heading-3b9c01ad170c367702261fa32919440a{\npadding-bottom:18px;\ncolor:#ffffff;\nfont-size:40px;\n}\nbody .av-special-heading.av-av_heading-3b9c01ad170c367702261fa32919440a .av-special-heading-tag .heading-char{\nfont-size:25px;\n}\n#top #wrap_all .av-special-heading.av-av_heading-3b9c01ad170c367702261fa32919440a .av-special-heading-tag{\nfont-size:40px;\n}\n.av-special-heading.av-av_heading-3b9c01ad170c367702261fa32919440a .special-heading-inner-border{\nborder-color:#ffffff;\n}\n.av-special-heading.av-av_heading-3b9c01ad170c367702261fa32919440a .av-subheading{\nfont-size:17px;\n}\n\n@media only screen and (min-width: 480px) and (max-width: 767px){ \n#top #wrap_all .av-special-heading.av-av_heading-3b9c01ad170c367702261fa32919440a .av-special-heading-tag{\nfont-size:0.8em;\n}\n}\n\n@media only screen and (max-width: 479px){ \n#top #wrap_all .av-special-heading.av-av_heading-3b9c01ad170c367702261fa32919440a .av-special-heading-tag{\nfont-size:0.8em;\n}\n}\n<\/style>\n<div  class='av-special-heading av-av_heading-3b9c01ad170c367702261fa32919440a av-special-heading-h3 custom-color-heading blockquote modern-quote modern-centered  avia-builder-el-1  avia-builder-el-no-sibling  av-inherit-size'><h3 class='av-special-heading-tag'  itemprop=\"headline\"  ><span class='special_amp'>\u201c<\/span>\u00d6l\u00e7medi\u011finiz hi\u00e7bir \u015feyi y\u00f6netemezsiniz.<span class='special_amp'>\u201d<\/span> \u2013Peter Drucker. <\/h3><div class=\"special-heading-border\"><div class=\"special-heading-inner-border\"><\/div><\/div><\/div>\n\n<\/div><\/div><\/main><!-- close content main element --><\/div><\/div><\/div><div id='av_section_2'  class='avia-section av-av_section-52383666e2e3699e4e930836eebdbb02 main_color avia-section-large avia-no-border-styling  avia-builder-el-2  el_after_av_section  el_before_av_one_full  avia-bg-style-scroll container_wrap sidebar_right'  ><div class='container av-section-cont-open' ><div class='template-page content  av-content-small alpha units'><div class='post-entry post-entry-type-page post-entry-4315'><div class='entry-content-wrapper clearfix'>\n\n<style type=\"text\/css\" data-created_by=\"avia_inline_auto\" id=\"style-css-av-av_heading-5f6c9bab1414eaf6e60291cc416838cc\">\n#top .av-special-heading.av-av_heading-5f6c9bab1414eaf6e60291cc416838cc{\npadding-bottom:18px;\nfont-size:40px;\n}\nbody .av-special-heading.av-av_heading-5f6c9bab1414eaf6e60291cc416838cc .av-special-heading-tag .heading-char{\nfont-size:25px;\n}\n#top #wrap_all .av-special-heading.av-av_heading-5f6c9bab1414eaf6e60291cc416838cc .av-special-heading-tag{\nfont-size:40px;\n}\n.av-special-heading.av-av_heading-5f6c9bab1414eaf6e60291cc416838cc .av-subheading{\nfont-size:17px;\n}\n\n@media only screen and (min-width: 480px) and (max-width: 767px){ \n#top #wrap_all .av-special-heading.av-av_heading-5f6c9bab1414eaf6e60291cc416838cc .av-special-heading-tag{\nfont-size:0.8em;\n}\n}\n\n@media only screen and (max-width: 479px){ \n#top #wrap_all .av-special-heading.av-av_heading-5f6c9bab1414eaf6e60291cc416838cc .av-special-heading-tag{\nfont-size:0.8em;\n}\n}\n<\/style>\n<div  class='av-special-heading av-av_heading-5f6c9bab1414eaf6e60291cc416838cc av-special-heading-h1 blockquote modern-quote modern-centered  avia-builder-el-3  el_before_av_hr  avia-builder-el-first  av-inherit-size'><h1 class='av-special-heading-tag'  itemprop=\"headline\"  >\u00d6l\u00e7\u00fcmleme <span class='special_amp'>&amp;<\/span> Dan\u0131\u015fmanl\u0131k<\/h1><div class=\"special-heading-border\"><div class=\"special-heading-inner-border\"><\/div><\/div><\/div>\n\n<style type=\"text\/css\" data-created_by=\"avia_inline_auto\" id=\"style-css-av-av_hr-99131450b2a20979cc429f73d0ffc1c9\">\n#top .hr.av-av_hr-99131450b2a20979cc429f73d0ffc1c9{\nmargin-top:10px;\nmargin-bottom:10px;\n}\n.hr.av-av_hr-99131450b2a20979cc429f73d0ffc1c9 .hr-inner{\nwidth:50px;\nborder-color:#000000;\n}\n<\/style>\n<div  class='hr av-av_hr-99131450b2a20979cc429f73d0ffc1c9 hr-custom  avia-builder-el-4  el_after_av_heading  el_before_av_one_half  hr-center hr-icon-no'><span class='hr-inner inner-border-av-border-fat'><span class=\"hr-inner-style\"><\/span><\/span><\/div>\n\n<style type=\"text\/css\" data-created_by=\"avia_inline_auto\" id=\"style-css-av-av_one_half-6126cab7d8fab8d08143dd2dacdf673c\">\n.flex_column.av-av_one_half-6126cab7d8fab8d08143dd2dacdf673c{\nborder-radius:0px 0px 0px 0px;\npadding:0px 0px 0px 0px;\n}\n<\/style>\n<div  class='flex_column av-av_one_half-6126cab7d8fab8d08143dd2dacdf673c av_one_half  avia-builder-el-5  el_after_av_hr  el_before_av_one_half  first flex_column_div av-zero-column-padding  '     ><section  class='av_textblock_section av-av_textblock-396ddf1f42196ca838231e61a4602801 '   itemscope=\"itemscope\" itemtype=\"https:\/\/schema.org\/CreativeWork\" ><div class='avia_textblock'  itemprop=\"text\" ><p>\u201cPozitif Fark\u0131ndal\u0131k Hizmetleri\u201d \u00f6l\u00e7me, \u00f6l\u00e7\u00fcmleme ve de\u011ferlendirmeye \u00f6nem vermesinden dolay\u0131, dan\u0131\u015fmanl\u0131k hizmetlerini \u00f6l\u00e7me ve de\u011ferlendirme s\u00fcre\u00e7lerine dayand\u0131rmaktad\u0131r. \u0130ki nedenle \u00f6nem ta\u015f\u0131maktad\u0131r: Birincisi, kurum veya bireyler herhangi bir m\u00fcdahale veya uygulamaya gitmeden \u00f6nce, var olan durumu, ihtiya\u00e7lar\u0131, ve arzu edilen sonuca g\u00f6t\u00fcrecek yolu tespit etmelidir. \u0130kincisi, \u00f6l\u00e7\u00fcmleme uygulanan m\u00fcdahale veya \u00e7al\u0131\u015fman\u0131n \u00f6ncesi ve sonras\u0131 aras\u0131nda fark\u0131, de\u011fi\u015fimi ve geli\u015fimi tespit etmede etkilidir.<\/p>\n<\/div><\/section><\/div>\n<style type=\"text\/css\" data-created_by=\"avia_inline_auto\" id=\"style-css-av-av_one_half-0aa7055fe62c3622faec82866afbaeb2\">\n.flex_column.av-av_one_half-0aa7055fe62c3622faec82866afbaeb2{\nborder-radius:0px 0px 0px 0px;\npadding:0px 0px 0px 0px;\n}\n<\/style>\n<div  class='flex_column av-av_one_half-0aa7055fe62c3622faec82866afbaeb2 av_one_half  avia-builder-el-7  el_after_av_one_half  avia-builder-el-last  flex_column_div av-zero-column-padding  '     ><section  class='av_textblock_section av-av_textblock-396ddf1f42196ca838231e61a4602801 '   itemscope=\"itemscope\" itemtype=\"https:\/\/schema.org\/CreativeWork\" ><div class='avia_textblock'  itemprop=\"text\" ><p>Bu sebeple, \u201cPozitif Fark\u0131ndal\u0131k Hizmetleri\u201d, \u00f6l\u00e7\u00fcmleme ve dan\u0131\u015fmanl\u0131k \u00e7al\u0131\u015fmalar\u0131n\u0131n bir par\u00e7as\u0131 olarak \u00e7e\u015fitli y\u00f6ntemler sunmaktad\u0131r.<\/p>\n<ul>\n<li>G\u00fcncel durumda olan\u0131n tespiti<\/li>\n<li>\u0130htiya\u00e7 analizi \u2013\u00f6l\u00e7\u00fcmleme<\/li>\n<li><a href=\"https:\/\/mindthepositive.com\/training-workshops\/\">E\u011fitim<\/a>, at\u00f6lye, <a href=\"https:\/\/mindthepositive.com\/coaching-mentoring\/\">ko\u00e7luk ve ment\u00f6rl\u00fck,<\/a>\u00a0gibi en uygun m\u00fcdahale veya uygulama y\u00f6netiminin tespiti<\/li>\n<li>M\u00fcdahale veya uygulaman\u0131n de\u011ferlendirilmesi<\/li>\n<\/ul>\n<p>\u00d6l\u00e7me ve de\u011ferlendirme, d\u00f6ng\u00fcsel a\u015famalardan olu\u015fan bilimsel bir s\u00fcre\u00e7 izlemektedir. Daha detayl\u0131 bilgi i\u00e7in ileti\u015fime ge\u00e7iniz.<\/p>\n<\/div><\/section><\/div>\n<\/div><\/div><\/div><!-- close content main div --><\/div><\/div><div id='after_section_2'  class='main_color av_default_container_wrap container_wrap sidebar_right'  ><div class='container av-section-cont-open' ><div class='template-page content  av-content-small alpha units'><div class='post-entry post-entry-type-page post-entry-4315'><div class='entry-content-wrapper clearfix'>\n\n<style type=\"text\/css\" data-created_by=\"avia_inline_auto\" id=\"style-css-av-av_one_full-6126cab7d8fab8d08143dd2dacdf673c\">\n.flex_column.av-av_one_full-6126cab7d8fab8d08143dd2dacdf673c{\nborder-radius:0px 0px 0px 0px;\npadding:0px 0px 0px 0px;\n}\n<\/style>\n<div  class='flex_column av-av_one_full-6126cab7d8fab8d08143dd2dacdf673c av_one_full  avia-builder-el-9  el_after_av_section  el_before_av_section  avia-builder-el-no-sibling  first flex_column_div av-zero-column-padding  '     ><section  class='av_textblock_section av-av_textblock-396ddf1f42196ca838231e61a4602801 '   itemscope=\"itemscope\" itemtype=\"https:\/\/schema.org\/CreativeWork\" ><div class='avia_textblock'  itemprop=\"text\" ><p>Detayl\u0131 bilgi i\u00e7in ileti\u015fime ge\u00e7in&#8230;<\/p>\n<\/div><\/section><\/div>\n<\/div><\/div><\/div><!-- close content main div --><\/div><\/div>\n<style type=\"text\/css\" data-created_by=\"avia_inline_auto\" id=\"style-css-av-av_section-f1a38be8c4a27cd93aff59308436ac2d\">\n.avia-section.av-av_section-f1a38be8c4a27cd93aff59308436ac2d .av-parallax .av-parallax-inner{\nbackground-repeat:no-repeat;\nbackground-image:url(https:\/\/mindthepositive.com\/wp-content\/uploads\/2017\/02\/shirli-ender-buyukbay-1-300x58.jpg);\nbackground-position:50% 50%;\nbackground-attachment:scroll;\n}\n.avia-section.av-av_section-f1a38be8c4a27cd93aff59308436ac2d .av-section-color-overlay{\nopacity:0.9;\nbackground-color:#35383c;\n}\n<\/style>\n<div id='av_section_3'  class='avia-section av-av_section-f1a38be8c4a27cd93aff59308436ac2d main_color avia-section-default avia-no-border-styling  avia-builder-el-11  el_after_av_one_full  avia-builder-el-last  avia-full-stretch av-parallax-section avia-bg-style-parallax av-section-color-overlay-active container_wrap sidebar_right'  data-section-bg-repeat='stretch'><div class='av-parallax' data-avia-parallax-ratio='0.3' ><div class='av-parallax-inner main_color avia-full-stretch'><\/div><\/div><div class=\"av-section-color-overlay-wrap\"><div class=\"av-section-color-overlay\"><\/div><div class='container av-section-cont-open' ><div class='template-page content  av-content-small alpha units'><div class='post-entry post-entry-type-page post-entry-4315'><div class='entry-content-wrapper clearfix'>\n<div  class='avia-button-wrap av-av_button-a16df4e7a4201325e682d9570baa7e74-wrap avia-button-center  avia-builder-el-12  avia-builder-el-no-sibling '><a href='https:\/\/mindthepositive.com\/contact\/'  class='avia-button av-av_button-a16df4e7a4201325e682d9570baa7e74 avia-icon_select-no avia-size-x-large avia-position-center avia-color-light'  ><span class='avia_iconbox_title' >\u0130leti\u015fim<\/span><\/a><\/div>\n<\/div><\/div><\/div><!-- close content main div --><\/div><\/div><\/div><div id='after_section_3'  class='main_color av_default_container_wrap container_wrap sidebar_right'  ><div class='container av-section-cont-open' ><div class='template-page content  av-content-small alpha units'><div class='post-entry post-entry-type-page post-entry-4315'><div class='entry-content-wrapper clearfix'>\n","protected":false},"excerpt":{"rendered":"","protected":false},"author":1,"featured_media":0,"parent":0,"menu_order":0,"comment_status":"closed","ping_status":"open","template":"","meta":{"footnotes":""},"class_list":["post-4315","page","type-page","status-publish","hentry"],"_links":{"self":[{"href":"https:\/\/mindthepositive.com\/tr\/wp-json\/wp\/v2\/pages\/4315","targetHints":{"allow":["GET"]}}],"collection":[{"href":"https:\/\/mindthepositive.com\/tr\/wp-json\/wp\/v2\/pages"}],"about":[{"href":"https:\/\/mindthepositive.com\/tr\/wp-json\/wp\/v2\/types\/page"}],"author":[{"embeddable":true,"href":"https:\/\/mindthepositive.com\/tr\/wp-json\/wp\/v2\/users\/1"}],"replies":[{"embeddable":true,"href":"https:\/\/mindthepositive.com\/tr\/wp-json\/wp\/v2\/comments?post=4315"}],"version-history":[{"count":6,"href":"https:\/\/mindthepositive.com\/tr\/wp-json\/wp\/v2\/pages\/4315\/revisions"}],"predecessor-version":[{"id":4318,"href":"https:\/\/mindthepositive.com\/tr\/wp-json\/wp\/v2\/pages\/4315\/revisions\/4318"}],"wp:attachment":[{"href":"https:\/\/mindthepositive.com\/tr\/wp-json\/wp\/v2\/media?parent=4315"}],"curies":[{"name":"wp","href":"https:\/\/api.w.org\/{rel}","templated":true}]}}